{"id":803,"date":"2020-12-10T03:09:19","date_gmt":"2020-12-10T03:09:19","guid":{"rendered":"https:\/\/www.jovenesconespiritu.com\/?page_id=803"},"modified":"2021-05-13T00:27:08","modified_gmt":"2021-05-13T00:27:08","slug":"fundadores","status":"publish","type":"page","link":"https:\/\/www.jovenesconespiritu.com\/?page_id=803","title":{"rendered":"Fundadores"},"content":{"rendered":"\t\t<div data-elementor-type=\"wp-page\" data-elementor-id=\"803\" class=\"elementor elementor-803\">\n\t\t\t\t\t\t<section class=\"elementor-section elementor-top-section elementor-element elementor-element-4704cd1 elementor-section-boxed elementor-section-height-default elementor-section-height-default\" data-id=\"4704cd1\" data-element_type=\"section\" data-e-type=\"section\">\n\t\t\t\t\t\t<div class=\"elementor-container elementor-column-gap-default\">\n\t\t\t\t\t<div class=\"elementor-column elementor-col-50 elementor-top-column elementor-element elementor-element-4eafd90\" data-id=\"4eafd90\" data-element_type=\"column\" data-e-type=\"column\">\n\t\t\t<div class=\"elementor-widget-wrap elementor-element-populated\">\n\t\t\t\t\t\t<div class=\"elementor-element elementor-element-74d6372 elementor-widget elementor-widget-spacer\" data-id=\"74d6372\" data-element_type=\"widget\" data-e-type=\"widget\" data-widget_type=\"spacer.default\">\n\t\t\t\t<div class=\"elementor-widget-container\">\n\t\t\t\t\t\t\t<div class=\"elementor-spacer\">\n\t\t\t<div class=\"elementor-spacer-inner\"><\/div>\n\t\t<\/div>\n\t\t\t\t\t\t<\/div>\n\t\t\t\t<\/div>\n\t\t\t\t<div class=\"elementor-element elementor-element-406965c elementor-widget elementor-widget-image\" data-id=\"406965c\" data-element_type=\"widget\" data-e-type=\"widget\" data-widget_type=\"image.default\">\n\t\t\t\t<div class=\"elementor-widget-container\">\n\t\t\t\t\t\t\t\t\t\t\t\t\t\t\t<img fetchpriority=\"high\" decoding=\"async\" width=\"599\" height=\"763\" src=\"https:\/\/www.jovenesconespiritu.com\/wp-content\/uploads\/2020\/12\/felix_rougier.png\" class=\"attachment-large size-large wp-image-956\" alt=\"\" srcset=\"https:\/\/www.jovenesconespiritu.com\/wp-content\/uploads\/2020\/12\/felix_rougier.png 599w, https:\/\/www.jovenesconespiritu.com\/wp-content\/uploads\/2020\/12\/felix_rougier-236x300.png 236w\" sizes=\"(max-width: 599px) 100vw, 599px\" \/>\t\t\t\t\t\t\t\t\t\t\t\t\t\t\t<\/div>\n\t\t\t\t<\/div>\n\t\t\t\t\t<\/div>\n\t\t<\/div>\n\t\t\t\t<div class=\"elementor-column elementor-col-50 elementor-top-column elementor-element elementor-element-1c30be2\" data-id=\"1c30be2\" data-element_type=\"column\" data-e-type=\"column\">\n\t\t\t<div class=\"elementor-widget-wrap elementor-element-populated\">\n\t\t\t\t\t\t<div class=\"elementor-element elementor-element-1554aff elementor-widget elementor-widget-spacer\" data-id=\"1554aff\" data-element_type=\"widget\" data-e-type=\"widget\" data-widget_type=\"spacer.default\">\n\t\t\t\t<div class=\"elementor-widget-container\">\n\t\t\t\t\t\t\t<div class=\"elementor-spacer\">\n\t\t\t<div class=\"elementor-spacer-inner\"><\/div>\n\t\t<\/div>\n\t\t\t\t\t\t<\/div>\n\t\t\t\t<\/div>\n\t\t\t\t<div class=\"elementor-element elementor-element-ff6f812 elementor-widget elementor-widget-heading\" data-id=\"ff6f812\" data-element_type=\"widget\" data-e-type=\"widget\" data-widget_type=\"heading.default\">\n\t\t\t\t<div class=\"elementor-widget-container\">\n\t\t\t\t\t<h2 class=\"elementor-heading-title elementor-size-default\">p. F\u00e9lix de jes\u00fas<\/h2>\t\t\t\t<\/div>\n\t\t\t\t<\/div>\n\t\t\t\t<div class=\"elementor-element elementor-element-a9b2f8b elementor-widget elementor-widget-text-editor\" data-id=\"a9b2f8b\" data-element_type=\"widget\" data-e-type=\"widget\" data-widget_type=\"text-editor.default\">\n\t\t\t\t<div class=\"elementor-widget-container\">\n\t\t\t\t\t\t\t\t\t<p>Nuestro fundador es el P. F\u00e9lix de Jes\u00fas Rougier. Naci\u00f3 en Francia en 1859. A los 18 a\u00f1os entr\u00f3 con los Maristas siguiendo el sue\u00f1o de ser misionero en Ocean\u00eda. Es ordenado sacerdote en 1887. Inici\u00f3 su vida como misionero en Colombia donde estuvo 6 a\u00f1os.<\/p><p>En 1902 lo cambian a M\u00e9xico y al a\u00f1o siguiente se encontrar\u00e1 con Conchita en una confesi\u00f3n. Ah\u00ed ella le hablar\u00e1 de los msps. Muere en 1938 en la Ciudad de M\u00e9xico.<\/p>\t\t\t\t\t\t\t\t<\/div>\n\t\t\t\t<\/div>\n\t\t\t\t<div class=\"elementor-element elementor-element-f7217f0 elementor-widget elementor-widget-shortcode\" data-id=\"f7217f0\" data-element_type=\"widget\" data-e-type=\"widget\" data-widget_type=\"shortcode.default\">\n\t\t\t\t<div class=\"elementor-widget-container\">\n\t\t\t\t\t\t\t<div class=\"elementor-shortcode\"><\/div>\n\t\t\t\t\t\t<\/div>\n\t\t\t\t<\/div>\n\t\t\t\t\t<\/div>\n\t\t<\/div>\n\t\t\t\t\t<\/div>\n\t\t<\/section>\n\t\t\t\t<section class=\"elementor-section elementor-top-section elementor-element elementor-element-884dde6 elementor-section-boxed elementor-section-height-default elementor-section-height-default\" data-id=\"884dde6\" data-element_type=\"section\" data-e-type=\"section\">\n\t\t\t\t\t\t<div class=\"elementor-container elementor-column-gap-default\">\n\t\t\t\t\t<div class=\"elementor-column elementor-col-50 elementor-top-column elementor-element elementor-element-7011710\" data-id=\"7011710\" data-element_type=\"column\" data-e-type=\"column\">\n\t\t\t<div class=\"elementor-widget-wrap elementor-element-populated\">\n\t\t\t\t\t\t<div class=\"elementor-element elementor-element-cf360bc elementor-widget elementor-widget-spacer\" data-id=\"cf360bc\" data-element_type=\"widget\" data-e-type=\"widget\" data-widget_type=\"spacer.default\">\n\t\t\t\t<div class=\"elementor-widget-container\">\n\t\t\t\t\t\t\t<div class=\"elementor-spacer\">\n\t\t\t<div class=\"elementor-spacer-inner\"><\/div>\n\t\t<\/div>\n\t\t\t\t\t\t<\/div>\n\t\t\t\t<\/div>\n\t\t\t\t<div class=\"elementor-element elementor-element-3fe70f1 elementor-widget elementor-widget-heading\" data-id=\"3fe70f1\" data-element_type=\"widget\" data-e-type=\"widget\" data-widget_type=\"heading.default\">\n\t\t\t\t<div class=\"elementor-widget-container\">\n\t\t\t\t\t<h2 class=\"elementor-heading-title elementor-size-default\">Conchita Cabrera<\/h2>\t\t\t\t<\/div>\n\t\t\t\t<\/div>\n\t\t\t\t<div class=\"elementor-element elementor-element-b6e06aa elementor-widget elementor-widget-text-editor\" data-id=\"b6e06aa\" data-element_type=\"widget\" data-e-type=\"widget\" data-widget_type=\"text-editor.default\">\n\t\t\t\t<div class=\"elementor-widget-container\">\n\t\t\t\t\t\t\t\t\t<p><span style=\"font-weight: 400;\">Mujer laica, m\u00edstica y ap\u00f3stol, nacida en <strong>San Luis Potos\u00ed en 1862<\/strong>, casada con Francisco Armida y madre de nueve hijos. Conchita vivi\u00f3 una intensa y apasionada vida espiritual que la condujo a unos niveles de experiencia m\u00edstica sorprendentes. <\/span><\/p><p><span style=\"font-weight: 400;\">Fue la inspiradora de la Espiritualidad de la Cruz y en sus abundantes escritos (66 vol\u00famenes y miles de cartas, que suman en total m\u00e1s de 65,000 p\u00e1ginas escritas) qued\u00f3 recogido todo el legado espiritual y teol\u00f3gico de dicha espiritualidad. Muri\u00f3 con fama de santidad en M\u00e9xico D.F. el 03 de marzo de 1937.<\/span><\/p>\t\t\t\t\t\t\t\t<\/div>\n\t\t\t\t<\/div>\n\t\t\t\t<div class=\"elementor-element elementor-element-515ae06 elementor-widget elementor-widget-shortcode\" data-id=\"515ae06\" data-element_type=\"widget\" data-e-type=\"widget\" data-widget_type=\"shortcode.default\">\n\t\t\t\t<div class=\"elementor-widget-container\">\n\t\t\t\t\t\t\t<div class=\"elementor-shortcode\"><\/div>\n\t\t\t\t\t\t<\/div>\n\t\t\t\t<\/div>\n\t\t\t\t<div class=\"elementor-element elementor-element-a33033a elementor-widget elementor-widget-spacer\" data-id=\"a33033a\" data-element_type=\"widget\" data-e-type=\"widget\" data-widget_type=\"spacer.default\">\n\t\t\t\t<div class=\"elementor-widget-container\">\n\t\t\t\t\t\t\t<div class=\"elementor-spacer\">\n\t\t\t<div class=\"elementor-spacer-inner\"><\/div>\n\t\t<\/div>\n\t\t\t\t\t\t<\/div>\n\t\t\t\t<\/div>\n\t\t\t\t\t<\/div>\n\t\t<\/div>\n\t\t\t\t<div class=\"elementor-column elementor-col-50 elementor-top-column elementor-element elementor-element-f7d78e1\" data-id=\"f7d78e1\" data-element_type=\"column\" data-e-type=\"column\">\n\t\t\t<div class=\"elementor-widget-wrap elementor-element-populated\">\n\t\t\t\t\t\t<div class=\"elementor-element elementor-element-d03eb72 elementor-widget elementor-widget-spacer\" data-id=\"d03eb72\" data-element_type=\"widget\" data-e-type=\"widget\" data-widget_type=\"spacer.default\">\n\t\t\t\t<div class=\"elementor-widget-container\">\n\t\t\t\t\t\t\t<div class=\"elementor-spacer\">\n\t\t\t<div class=\"elementor-spacer-inner\"><\/div>\n\t\t<\/div>\n\t\t\t\t\t\t<\/div>\n\t\t\t\t<\/div>\n\t\t\t\t<div class=\"elementor-element elementor-element-4e75720 elementor-widget elementor-widget-image\" data-id=\"4e75720\" data-element_type=\"widget\" data-e-type=\"widget\" data-widget_type=\"image.default\">\n\t\t\t\t<div class=\"elementor-widget-container\">\n\t\t\t\t\t\t\t\t\t\t\t\t\t\t\t<img decoding=\"async\" width=\"599\" height=\"763\" src=\"https:\/\/www.jovenesconespiritu.com\/wp-content\/uploads\/2020\/12\/felix_rougier-1.png\" class=\"attachment-large size-large wp-image-960\" alt=\"\" srcset=\"https:\/\/www.jovenesconespiritu.com\/wp-content\/uploads\/2020\/12\/felix_rougier-1.png 599w, https:\/\/www.jovenesconespiritu.com\/wp-content\/uploads\/2020\/12\/felix_rougier-1-236x300.png 236w\" sizes=\"(max-width: 599px) 100vw, 599px\" \/>\t\t\t\t\t\t\t\t\t\t\t\t\t\t\t<\/div>\n\t\t\t\t<\/div>\n\t\t\t\t\t<\/div>\n\t\t<\/div>\n\t\t\t\t\t<\/div>\n\t\t<\/section>\n\t\t\t\t<section class=\"elementor-section elementor-top-section elementor-element elementor-element-bd64580 elementor-section-boxed elementor-section-height-default elementor-section-height-default\" data-id=\"bd64580\" data-element_type=\"section\" data-e-type=\"section\">\n\t\t\t\t\t\t<div class=\"elementor-container elementor-column-gap-default\">\n\t\t\t\t\t<div class=\"elementor-column elementor-col-100 elementor-top-column elementor-element elementor-element-0c18bd1\" data-id=\"0c18bd1\" data-element_type=\"column\" data-e-type=\"column\">\n\t\t\t<div class=\"elementor-widget-wrap elementor-element-populated\">\n\t\t\t\t\t\t<div class=\"elementor-element elementor-element-472489e elementor-widget elementor-widget-video\" data-id=\"472489e\" data-element_type=\"widget\" data-e-type=\"widget\" data-settings=\"{&quot;youtube_url&quot;:&quot;https:\\\/\\\/www.youtube.com\\\/watch?v=SLDKwafD6A8&amp;feature=youtu.be&amp;ab_channel=MisionerosEsp%C3%ADrituSanto&quot;,&quot;video_type&quot;:&quot;youtube&quot;,&quot;controls&quot;:&quot;yes&quot;}\" data-widget_type=\"video.default\">\n\t\t\t\t<div class=\"elementor-widget-container\">\n\t\t\t\t\t\t\t<div class=\"elementor-wrapper elementor-open-inline\">\n\t\t\t<div class=\"elementor-video\"><\/div>\t\t<\/div>\n\t\t\t\t\t\t<\/div>\n\t\t\t\t<\/div>\n\t\t\t\t\t<\/div>\n\t\t<\/div>\n\t\t\t\t\t<\/div>\n\t\t<\/section>\n\t\t\t\t<\/div>\n\t\t","protected":false},"excerpt":{"rendered":"<p>p. F\u00e9lix de jes\u00fas Nuestro fundador es el P. F\u00e9lix de Jes\u00fas Rougier. Naci\u00f3 en Francia en 1859. A los 18 a\u00f1os entr\u00f3 con los Maristas siguiendo el sue\u00f1o de ser misionero en Ocean\u00eda. Es ordenado sacerdote en 1887. Inici\u00f3 su vida como misionero en Colombia donde estuvo 6 a\u00f1os. En 1902 lo cambian a&#8230;<\/p>\n","protected":false},"author":1,"featured_media":0,"parent":0,"menu_order":0,"comment_status":"closed","ping_status":"closed","template":"","meta":{"nf_dc_page":"","om_disable_all_campaigns":false,"_monsterinsights_skip_tracking":false,"_monsterinsights_sitenote_active":false,"_monsterinsights_sitenote_note":"","_monsterinsights_sitenote_category":0,"_joinchat":[],"footnotes":""},"class_list":["post-803","page","type-page","status-publish","hentry"],"_links":{"self":[{"href":"https:\/\/www.jovenesconespiritu.com\/index.php?rest_route=\/wp\/v2\/pages\/803","targetHints":{"allow":["GET"]}}],"collection":[{"href":"https:\/\/www.jovenesconespiritu.com\/index.php?rest_route=\/wp\/v2\/pages"}],"about":[{"href":"https:\/\/www.jovenesconespiritu.com\/index.php?rest_route=\/wp\/v2\/types\/page"}],"author":[{"embeddable":true,"href":"https:\/\/www.jovenesconespiritu.com\/index.php?rest_route=\/wp\/v2\/users\/1"}],"replies":[{"embeddable":true,"href":"https:\/\/www.jovenesconespiritu.com\/index.php?rest_route=%2Fwp%2Fv2%2Fcomments&post=803"}],"version-history":[{"count":5,"href":"https:\/\/www.jovenesconespiritu.com\/index.php?rest_route=\/wp\/v2\/pages\/803\/revisions"}],"predecessor-version":[{"id":1545,"href":"https:\/\/www.jovenesconespiritu.com\/index.php?rest_route=\/wp\/v2\/pages\/803\/revisions\/1545"}],"wp:attachment":[{"href":"https:\/\/www.jovenesconespiritu.com\/index.php?rest_route=%2Fwp%2Fv2%2Fmedia&parent=803"}],"curies":[{"name":"wp","href":"https:\/\/api.w.org\/{rel}","templated":true}]}}