{"id":795,"date":"2020-12-10T02:15:36","date_gmt":"2020-12-10T02:15:36","guid":{"rendered":"https:\/\/www.jovenesconespiritu.com\/?page_id=795"},"modified":"2021-02-16T07:50:29","modified_gmt":"2021-02-16T07:50:29","slug":"elementor-795","status":"publish","type":"page","link":"https:\/\/www.jovenesconespiritu.com\/?page_id=795","title":{"rendered":"Misi\u00f3n y Carisma"},"content":{"rendered":"\t\t<div data-elementor-type=\"wp-page\" data-elementor-id=\"795\" class=\"elementor elementor-795\">\n\t\t\t\t\t\t<section class=\"elementor-section elementor-top-section elementor-element elementor-element-f00aef0 elementor-section-height-min-height elementor-section-items-stretch elementor-section-boxed elementor-section-height-default\" data-id=\"f00aef0\" data-element_type=\"section\" data-e-type=\"section\" data-settings=\"{&quot;background_background&quot;:&quot;classic&quot;}\">\n\t\t\t\t\t\t<div class=\"elementor-container elementor-column-gap-default\">\n\t\t\t\t\t<div class=\"elementor-column elementor-col-50 elementor-top-column elementor-element elementor-element-e4156fd elementor-hidden-tablet elementor-hidden-phone\" data-id=\"e4156fd\" data-element_type=\"column\" data-e-type=\"column\">\n\t\t\t<div class=\"elementor-widget-wrap elementor-element-populated\">\n\t\t\t\t\t\t<div class=\"elementor-element elementor-element-87e32af elementor-widget elementor-widget-image\" data-id=\"87e32af\" data-element_type=\"widget\" data-e-type=\"widget\" data-widget_type=\"image.default\">\n\t\t\t\t<div class=\"elementor-widget-container\">\n\t\t\t\t\t\t\t\t\t\t\t\t\t\t\t<img fetchpriority=\"high\" decoding=\"async\" width=\"800\" height=\"1156\" src=\"https:\/\/www.jovenesconespiritu.com\/wp-content\/uploads\/2020\/12\/BUKY-PA\u0301GINA.jpg\" class=\"attachment-full size-full wp-image-732\" alt=\"\" srcset=\"https:\/\/www.jovenesconespiritu.com\/wp-content\/uploads\/2020\/12\/BUKY-PA\u0301GINA.jpg 800w, https:\/\/www.jovenesconespiritu.com\/wp-content\/uploads\/2020\/12\/BUKY-PA\u0301GINA-208x300.jpg 208w, https:\/\/www.jovenesconespiritu.com\/wp-content\/uploads\/2020\/12\/BUKY-PA\u0301GINA-709x1024.jpg 709w, https:\/\/www.jovenesconespiritu.com\/wp-content\/uploads\/2020\/12\/BUKY-PA\u0301GINA-768x1110.jpg 768w\" sizes=\"(max-width: 800px) 100vw, 800px\" \/>\t\t\t\t\t\t\t\t\t\t\t\t\t\t\t<\/div>\n\t\t\t\t<\/div>\n\t\t\t\t\t<\/div>\n\t\t<\/div>\n\t\t\t\t<div class=\"elementor-column elementor-col-50 elementor-top-column elementor-element elementor-element-bd6575d\" data-id=\"bd6575d\" data-element_type=\"column\" data-e-type=\"column\">\n\t\t\t<div class=\"elementor-widget-wrap elementor-element-populated\">\n\t\t\t\t\t\t<div class=\"elementor-element elementor-element-5ec2293 elementor-hidden-desktop elementor-hidden-phone elementor-widget elementor-widget-spacer\" data-id=\"5ec2293\" data-element_type=\"widget\" data-e-type=\"widget\" data-widget_type=\"spacer.default\">\n\t\t\t\t<div class=\"elementor-widget-container\">\n\t\t\t\t\t\t\t<div class=\"elementor-spacer\">\n\t\t\t<div class=\"elementor-spacer-inner\"><\/div>\n\t\t<\/div>\n\t\t\t\t\t\t<\/div>\n\t\t\t\t<\/div>\n\t\t\t\t<div class=\"elementor-element elementor-element-9183b93 elementor-widget elementor-widget-heading\" data-id=\"9183b93\" data-element_type=\"widget\" data-e-type=\"widget\" data-widget_type=\"heading.default\">\n\t\t\t\t<div class=\"elementor-widget-container\">\n\t\t\t\t\t<h2 class=\"elementor-heading-title elementor-size-default\">Misi\u00f3n Y carisma<\/h2>\t\t\t\t<\/div>\n\t\t\t\t<\/div>\n\t\t\t\t<div class=\"elementor-element elementor-element-7d30952 elementor-widget elementor-widget-text-editor\" data-id=\"7d30952\" data-element_type=\"widget\" data-e-type=\"widget\" data-widget_type=\"text-editor.default\">\n\t\t\t\t<div class=\"elementor-widget-container\">\n\t\t\t\t\t\t\t\t\t<p style=\"text-align: left;\">Todo carisma de una congregaci\u00f3n religiosa tiene tres aspectos b\u00e1sicos:<\/p><ol><li style=\"text-align: left;\">Espiritualidad. Un modo de <b>VER<\/b> a Jes\u00fas que nos forma una <b>identidad<\/b>. Vivimos como carisma la <b>Espiritualidad de la Cruz<\/b>, una espiritualidad sacerdotal, cuyo s\u00edmbolo es la <b>Cruz del Apostolado<\/b> y que nos lleva a ver a <b>Jes\u00fas como Sacerdote y V\u00edctima<\/b>, esto es, siendo un regalo de Dios hacia los hombres y como un puente para acompa\u00f1ar a los hombres al encuentro con Dios.<\/li><li style=\"text-align: left;\">Estilo de vida. Un modo de <b>SEGUIR<\/b> a Jes\u00fas que conforma una <b>comunidad<\/b>. Nos sentimos llamados a transformarnos en ese<strong> Jes\u00fas Sacerdote y V\u00edctima<\/strong>, desde nuestra vida y en comunidad de hermanos, en donde \u00c9l sea el centro de nuestra vida, relaciones y actividades.<\/li><li style=\"text-align: left;\">Misi\u00f3n. Un modo de <b>MOSTRAR<\/b> a Jes\u00fas en el mundo <b>para beneficio de la humanidad<\/b>. En nuestro caso, somos ante todo contemplativos para despu\u00e9s ser solidarios con quienes m\u00e1s sufren. De esta forma, buscamos <b>extender el<span class=\"Apple-converted-space\"> reinado del Esp\u00edritu Santo.<\/span><\/b><\/li><\/ol>\t\t\t\t\t\t\t\t<\/div>\n\t\t\t\t<\/div>\n\t\t\t\t<div class=\"elementor-element elementor-element-a3a4351 elementor-widget elementor-widget-image\" data-id=\"a3a4351\" data-element_type=\"widget\" data-e-type=\"widget\" data-widget_type=\"image.default\">\n\t\t\t\t<div class=\"elementor-widget-container\">\n\t\t\t\t\t\t\t\t\t\t\t\t\t\t\t<img decoding=\"async\" width=\"2800\" height=\"2000\" src=\"https:\/\/www.jovenesconespiritu.com\/wp-content\/uploads\/2020\/12\/Lo\u0301go-pa\u0301gina-transparente.png\" class=\"attachment-full size-full wp-image-738\" alt=\"\" srcset=\"https:\/\/www.jovenesconespiritu.com\/wp-content\/uploads\/2020\/12\/Lo\u0301go-pa\u0301gina-transparente.png 2800w, https:\/\/www.jovenesconespiritu.com\/wp-content\/uploads\/2020\/12\/Lo\u0301go-pa\u0301gina-transparente-300x214.png 300w, https:\/\/www.jovenesconespiritu.com\/wp-content\/uploads\/2020\/12\/Lo\u0301go-pa\u0301gina-transparente-1024x731.png 1024w, https:\/\/www.jovenesconespiritu.com\/wp-content\/uploads\/2020\/12\/Lo\u0301go-pa\u0301gina-transparente-768x549.png 768w, https:\/\/www.jovenesconespiritu.com\/wp-content\/uploads\/2020\/12\/Lo\u0301go-pa\u0301gina-transparente-1536x1097.png 1536w, https:\/\/www.jovenesconespiritu.com\/wp-content\/uploads\/2020\/12\/Lo\u0301go-pa\u0301gina-transparente-2048x1463.png 2048w, https:\/\/www.jovenesconespiritu.com\/wp-content\/uploads\/2020\/12\/Lo\u0301go-pa\u0301gina-transparente-960x686.png 960w\" sizes=\"(max-width: 2800px) 100vw, 2800px\" \/>\t\t\t\t\t\t\t\t\t\t\t\t\t\t\t<\/div>\n\t\t\t\t<\/div>\n\t\t\t\t\t<\/div>\n\t\t<\/div>\n\t\t\t\t\t<\/div>\n\t\t<\/section>\n\t\t\t\t<section class=\"elementor-section elementor-top-section elementor-element elementor-element-d3579d5 elementor-section-boxed elementor-section-height-default elementor-section-height-default\" data-id=\"d3579d5\" data-element_type=\"section\" data-e-type=\"section\">\n\t\t\t\t\t\t<div class=\"elementor-container elementor-column-gap-default\">\n\t\t\t\t\t<div class=\"elementor-column elementor-col-100 elementor-top-column elementor-element elementor-element-3c369ef\" data-id=\"3c369ef\" data-element_type=\"column\" data-e-type=\"column\">\n\t\t\t<div class=\"elementor-widget-wrap elementor-element-populated\">\n\t\t\t\t\t\t<div class=\"elementor-element elementor-element-7b3d252 elementor-widget elementor-widget-video\" data-id=\"7b3d252\" data-element_type=\"widget\" data-e-type=\"widget\" data-settings=\"{&quot;youtube_url&quot;:&quot;https:\\\/\\\/www.youtube.com\\\/watch?v=GcUV5rpJshk&amp;feature=youtu.be&amp;ab_channel=MisionerosEsp%C3%ADrituSanto&quot;,&quot;video_type&quot;:&quot;youtube&quot;,&quot;controls&quot;:&quot;yes&quot;}\" data-widget_type=\"video.default\">\n\t\t\t\t<div class=\"elementor-widget-container\">\n\t\t\t\t\t\t\t<div class=\"elementor-wrapper elementor-open-inline\">\n\t\t\t<div class=\"elementor-video\"><\/div>\t\t<\/div>\n\t\t\t\t\t\t<\/div>\n\t\t\t\t<\/div>\n\t\t\t\t\t<\/div>\n\t\t<\/div>\n\t\t\t\t\t<\/div>\n\t\t<\/section>\n\t\t\t\t<\/div>\n\t\t","protected":false},"excerpt":{"rendered":"<p>Misi\u00f3n Y carisma Todo carisma de una congregaci\u00f3n religiosa tiene tres aspectos b\u00e1sicos: Espiritualidad. Un modo de VER a Jes\u00fas que nos forma una identidad. Vivimos como carisma la Espiritualidad de la Cruz, una espiritualidad sacerdotal, cuyo s\u00edmbolo es la Cruz del Apostolado y que nos lleva a ver a Jes\u00fas como Sacerdote y V\u00edctima,&#8230;<\/p>\n","protected":false},"author":1,"featured_media":0,"parent":0,"menu_order":0,"comment_status":"closed","ping_status":"closed","template":"","meta":{"nf_dc_page":"","om_disable_all_campaigns":false,"_monsterinsights_skip_tracking":false,"_monsterinsights_sitenote_active":false,"_monsterinsights_sitenote_note":"","_monsterinsights_sitenote_category":0,"_joinchat":[],"footnotes":""},"class_list":["post-795","page","type-page","status-publish","hentry"],"_links":{"self":[{"href":"https:\/\/www.jovenesconespiritu.com\/index.php?rest_route=\/wp\/v2\/pages\/795","targetHints":{"allow":["GET"]}}],"collection":[{"href":"https:\/\/www.jovenesconespiritu.com\/index.php?rest_route=\/wp\/v2\/pages"}],"about":[{"href":"https:\/\/www.jovenesconespiritu.com\/index.php?rest_route=\/wp\/v2\/types\/page"}],"author":[{"embeddable":true,"href":"https:\/\/www.jovenesconespiritu.com\/index.php?rest_route=\/wp\/v2\/users\/1"}],"replies":[{"embeddable":true,"href":"https:\/\/www.jovenesconespiritu.com\/index.php?rest_route=%2Fwp%2Fv2%2Fcomments&post=795"}],"version-history":[{"count":5,"href":"https:\/\/www.jovenesconespiritu.com\/index.php?rest_route=\/wp\/v2\/pages\/795\/revisions"}],"predecessor-version":[{"id":1318,"href":"https:\/\/www.jovenesconespiritu.com\/index.php?rest_route=\/wp\/v2\/pages\/795\/revisions\/1318"}],"wp:attachment":[{"href":"https:\/\/www.jovenesconespiritu.com\/index.php?rest_route=%2Fwp%2Fv2%2Fmedia&parent=795"}],"curies":[{"name":"wp","href":"https:\/\/api.w.org\/{rel}","templated":true}]}}